{"id":289,"date":"2023-11-16T09:49:09","date_gmt":"2023-11-16T07:49:09","guid":{"rendered":"https:\/\/ambharare.esteri.it\/?page_id=289"},"modified":"2025-01-30T14:27:57","modified_gmt":"2025-01-30T12:27:57","slug":"stato-civile","status":"publish","type":"page","link":"https:\/\/ambharare.esteri.it\/it\/servizi-consolari-e-visti\/servizi-per-il-cittadino-italiano\/stato-civile\/","title":{"rendered":"Stato Civile"},"content":{"rendered":"<p><strong>STATO CIVILE<\/strong><\/p>\n<p>L\u2019Ufficio di Stato Civile si occupa, come un Comune italiano, delle iscrizioni, annotazioni e tenuta dei Registri di Stato Civile. I Registri sono quattro: cittadinanza, nascita, matrimonio e morte. Per ciascuna di queste materie l\u2019Ufficio \u00e8 anche competente a rilasciare certificati dei documenti depositati ai propri atti che attestino lo &#8220;stato civile&#8221; di ciascun individuo. Gli Uffici ricevono gli atti emessi dalle Autorit\u00e0 straniere e li trasmettono ai Comuni italiani per la trascrizione. Il settore di Stato Civile, oltre alla gestione dei quattro Registri, assiste i cittadini residenti nella Circoscrizione nell&#8217;espletamento delle seguenti pratiche:<\/p>\n<ul>\n<li>Redazione del verbale di pubblicazioni di matrimonio e affissione all\u2019Albo consolare;<\/li>\n<li>Celebrazione del matrimonio consolare, sempre che non vi si oppongano le leggi locali;<\/li>\n<li>Trasmissione delle istanze per il cambiamento del nome o del cognome, perch\u00e9 ridicolo o vergognoso, alle Prefetture competenti;<\/li>\n<li>Ricezione e trasmissione delle sentenze di separazione e di divorzio ai Comuni competenti per la trascrizione.<\/li>\n<\/ul>\n<p>&nbsp;<\/p>\n<p><strong>Requisiti<\/strong><\/p>\n<p>Il cittadino italiano che ha fissato la propria residenza all&#8217;estero, per poter registrare nascite, matrimoni e decessi (e ottenere i relativi certificati), deve prima iscriversi all&#8217;Anagrafe degli Italiani Residenti all&#8217;Estero (A.I.R.E.).<\/p>\n<h2><\/h2>\n<p><strong>Variazioni di Stato Civile<\/strong><\/p>\n<p><strong>NASCITA<\/strong><br \/>\nI figli di cittadini italiani o di almeno uno dei due genitori in possesso della cittadinanza italiana, anche se nati all\u2019estero ed eventualmente in possesso di un\u2019altra cittadinanza, sono cittadini italiani, pertanto la loro nascita deve essere registrata in Italia. Per comunicare una nascita \u00e8 necessario presentarsi presso l&#8217;Ufficio di Stato Civile con i seguenti documenti: atto di nascita emesso dal competente Ufficio di Stato Civile del Paese in cui si risiede, munito di traduzione in italiano (effettuala da un traduttore ufficiale) e legalizzato presso il Ministero degli Esteri Straniero (per i Paesi che hanno aderito alla Convenzione dell&#8217;Aja del 1961); documentazione comprovante la cittadinanza italiana di almeno uno dei genitori (carta d&#8217;identit\u00e0, passaporto o certificato di cittadinanza italiana).<\/p>\n<p><strong>MATRIMONIO<\/strong><br \/>\nIl matrimonio celebrato all\u2019estero per avere valore in Italia deve essere trascritto presso il Comune italiano competente. Il cittadino italiano iscritto all\u2019AIRE dovr\u00e0 rivolgersi all\u2019Ufficio di Stato Civile per richiedere le pubblicazioni di matrimonio e potr\u00e0 poi contrarre matrimonio dinnanzi alle Autorit\u00e0 straniere competenti o presso l&#8217;Autorit\u00e0 consolare, in quest\u2019ultimo caso se non vi si oppongano le leggi locali. Ai fini della trascrizione,\u00a0l\u2019interessato dovr\u00e0\u00a0presentare all&#8217;Ufficio di Stato Civile l\u2019atto di matrimonio rilasciato dalle Autorit\u00e0 locali, con la relativa traduzione ed eventuale legalizzazione, per il successivo inoltro al Comune italiano competente.<\/p>\n<p><strong>DIVORZIO<\/strong><br \/>\nUna sentenza di divorzio pronunciata all\u2019estero non \u00e8 considerata automaticamente valida in Italia. I documenti che occorrono per la trascrizione sono: la sentenza passata in giudicato (originale o copia autenticata); la traduzione ufficiale della sentenza; la dichiarazione sostitutiva di atto notorio. Tutta la documentazione deve essere in copia certificata conforme con bollo autentico del Tribunale.<\/p>\n<p><strong>MORTE<\/strong><br \/>\nIl decesso di un cittadino italiano avvenuto all\u2019estero deve essere trascritto in Italia. I documenti necessari per la registrazione sono: atto di morte emesso dal competente Ufficio di Stato Civile del Paese di residenza, debitamente tradotto ed eventualmente legalizzato (nei casi previsti); documentazione relativa alla cittadinanza del defunto: carta d\u2019identit\u00e0, passaporto italiano o certificato di cittadinanza italiana. I certificati di stato civile emessi dalle Autorit\u00e0 locali devono essere presentati in originale e, ove previsto, legalizzati e tradotti in italiano ai fini dell\u2019invio ai Comuni competenti.<\/p>\n<p>&nbsp;<\/p>\n<p><a href=\"https:\/\/www.esteri.it\/it\/servizi-consolari-e-visti\/italiani-all-estero\/\">https:\/\/www.esteri.it\/it\/servizi-consolari-e-visti\/italiani-all-estero\/<\/a><\/p>\n<p>&nbsp;<\/p>\n","protected":false},"excerpt":{"rendered":"STATO CIVILE L\u2019Ufficio di Stato Civile si occupa, come un Comune italiano, delle iscrizioni, annotazioni e tenuta dei Registri di Stato Civile. I Registri sono quattro: cittadinanza, nascita, matrimonio e morte. Per ciascuna di queste materie l\u2019Ufficio \u00e8 anche competente a rilasciare certificati dei documenti depositati ai propri atti che attestino lo &#8220;stato civile&#8221; di [&hellip;]","protected":false},"author":5,"featured_media":0,"parent":47,"menu_order":0,"comment_status":"closed","ping_status":"closed","template":"","meta":{"footnotes":""},"class_list":["post-289","page","type-page","status-publish","hentry"],"_links":{"self":[{"href":"https:\/\/ambharare.esteri.it\/it\/wp-json\/wp\/v2\/pages\/289","targetHints":{"allow":["GET"]}}],"collection":[{"href":"https:\/\/ambharare.esteri.it\/it\/wp-json\/wp\/v2\/pages"}],"about":[{"href":"https:\/\/ambharare.esteri.it\/it\/wp-json\/wp\/v2\/types\/page"}],"author":[{"embeddable":true,"href":"https:\/\/ambharare.esteri.it\/it\/wp-json\/wp\/v2\/users\/5"}],"replies":[{"embeddable":true,"href":"https:\/\/ambharare.esteri.it\/it\/wp-json\/wp\/v2\/comments?post=289"}],"version-history":[{"count":2,"href":"https:\/\/ambharare.esteri.it\/it\/wp-json\/wp\/v2\/pages\/289\/revisions"}],"predecessor-version":[{"id":432,"href":"https:\/\/ambharare.esteri.it\/it\/wp-json\/wp\/v2\/pages\/289\/revisions\/432"}],"up":[{"embeddable":true,"href":"https:\/\/ambharare.esteri.it\/it\/wp-json\/wp\/v2\/pages\/47"}],"wp:attachment":[{"href":"https:\/\/ambharare.esteri.it\/it\/wp-json\/wp\/v2\/media?parent=289"}],"curies":[{"name":"wp","href":"https:\/\/api.w.org\/{rel}","templated":true}]}}