{"id":395,"date":"2023-11-21T12:56:19","date_gmt":"2023-11-21T10:56:19","guid":{"rendered":"https:\/\/ambharare.esteri.it\/?page_id=395"},"modified":"2023-11-21T12:56:40","modified_gmt":"2023-11-21T10:56:40","slug":"i-rapporti-bilaterali","status":"publish","type":"page","link":"https:\/\/ambharare.esteri.it\/it\/amministrazione-trasparente\/consulenti-e-collaboratori\/i-rapporti-bilaterali\/","title":{"rendered":"I rapporti bilaterali"},"content":{"rendered":"<p><strong>Cooperazione Politica<\/strong><\/p>\n<p style=\"font-weight: 400;\">Le relazioni bilaterali tra l\u2019Italia e lo Zimbabwe possono essere definite costruttive, anche se influenzate dalle difficili condizioni di governabilit\u00e0 del Paese africano e dalle misure restrittive adottate dall\u2019Unione Europea nei suoi confronti che tuttavia, negli ultimi anni, si sono progressivamente ridotte. L&#8217;Italia ha comunque mantenuto in vita i propri impegni di cooperazione in campo umanitario, in linea con la strategia seguita dagli altri Paesi occidentali. L\u2019Unione Europea \u00e8 il principale donatore dello Zimbabwe e ci\u00f2 nonostante il fatto che, a seguito del deteriorarsi della situazione politica, dal 2002 non siano pi\u00f9 stati effettuati interventi diretti a sostegno del bilancio del Governo. Nel 2009 si \u00e8 aperto ufficialmente il dialogo politico di cui all&#8217;art. 8 dell&#8217;Accordo di Cotonou ai fini dell\u2019inclusione dello Zimbabwe nel programma di partenariato in vigore tra l\u2019Unione Europea e i Paesi ACP (Africa, Caraibi e Pacifico).<\/p>\n<p>&nbsp;<\/p>\n<p>&nbsp;<\/p>\n","protected":false},"excerpt":{"rendered":"Cooperazione Politica Le relazioni bilaterali tra l\u2019Italia e lo Zimbabwe possono essere definite costruttive, anche se influenzate dalle difficili condizioni di governabilit\u00e0 del Paese africano e dalle misure restrittive adottate dall\u2019Unione Europea nei suoi confronti che tuttavia, negli ultimi anni, si sono progressivamente ridotte. L&#8217;Italia ha comunque mantenuto in vita i propri impegni di cooperazione [&hellip;]","protected":false},"author":5,"featured_media":0,"parent":128,"menu_order":0,"comment_status":"closed","ping_status":"closed","template":"","meta":{"footnotes":""},"class_list":["post-395","page","type-page","status-publish","hentry"],"_links":{"self":[{"href":"https:\/\/ambharare.esteri.it\/it\/wp-json\/wp\/v2\/pages\/395","targetHints":{"allow":["GET"]}}],"collection":[{"href":"https:\/\/ambharare.esteri.it\/it\/wp-json\/wp\/v2\/pages"}],"about":[{"href":"https:\/\/ambharare.esteri.it\/it\/wp-json\/wp\/v2\/types\/page"}],"author":[{"embeddable":true,"href":"https:\/\/ambharare.esteri.it\/it\/wp-json\/wp\/v2\/users\/5"}],"replies":[{"embeddable":true,"href":"https:\/\/ambharare.esteri.it\/it\/wp-json\/wp\/v2\/comments?post=395"}],"version-history":[{"count":2,"href":"https:\/\/ambharare.esteri.it\/it\/wp-json\/wp\/v2\/pages\/395\/revisions"}],"predecessor-version":[{"id":399,"href":"https:\/\/ambharare.esteri.it\/it\/wp-json\/wp\/v2\/pages\/395\/revisions\/399"}],"up":[{"embeddable":true,"href":"https:\/\/ambharare.esteri.it\/it\/wp-json\/wp\/v2\/pages\/128"}],"wp:attachment":[{"href":"https:\/\/ambharare.esteri.it\/it\/wp-json\/wp\/v2\/media?parent=395"}],"curies":[{"name":"wp","href":"https:\/\/api.w.org\/{rel}","templated":true}]}}