{"id":71,"date":"2023-04-11T18:19:16","date_gmt":"2023-04-11T16:19:16","guid":{"rendered":"https:\/\/ambasciatapraga.esteri.it\/?page_id=71"},"modified":"2023-11-16T14:02:13","modified_gmt":"2023-11-16T12:02:13","slug":"servizi-notarili","status":"publish","type":"page","link":"https:\/\/ambharare.esteri.it\/it\/servizi-consolari-e-visti\/servizi-per-il-cittadino-italiano\/servizi-notarili\/","title":{"rendered":"Servizi notarili"},"content":{"rendered":"<div><\/div>\n<div class=\"sr-only\">NOTARILE<\/div>\n<div>\n<p align=\"justify\">L\u2019Ufficio Notarile \u00e8 titolato a ricevere gli atti tra vivi e quelli di ultima volont\u00e0, a curarne il loro deposito ed a rilasciarne copie ed estratti.<br \/>\nIl servizio notarile \u00e8 prestato ai cittadini italiani che si trovano all&#8217;estero in via permanente o temporanea.<\/p>\n<p>I servizi notarili pi\u00f9 frequentemente richiesti ad un Ufficio consolare sono:<\/p>\n<ol>\n<li>\n<div>Procure<\/div>\n<\/li>\n<li>\n<div>Testamento Pubblico<\/div>\n<\/li>\n<li>\n<div>Atti Pubblici<\/div>\n<\/li>\n<li>\n<div>Attivit\u00e0 di Autenticazione<\/div>\n<\/li>\n<\/ol>\n<p><strong><a href=\"http:\/\/www.esteri.it\/MAE\/IT\/Italiani_nel_Mondo\/ServiziConsolari\/AttiNotarili\/\">Link all&#8217;apposita sezione del sito web del Ministero degli Affari Esteri<\/a><\/strong><\/p>\n<p><strong>PROCURE<\/strong><\/p>\n<p>La procura \u00e8 un atto con il quale si d\u00e0 la facolt\u00e0 ad un\u2019altra persona di agire in propria vece e rappresentanza ed a compiere gli atti necessari per raggiungere un determinato scopo (es. vendere, acquistare, amministrare, fare donazione, accettare donazione, costituire o sciogliere societ\u00e0, richiedere pubblicazioni di matrimonio, ecc.).<\/p>\n<p>Le procure si dividono in due categorie:<\/p>\n<ul>\n<li>procure generali: con questi atti l&#8217;interessato affida al rappresentante la gestione di tutti i suoi affari, sia presenti sia futuri. La procura generale \u00e8 rilasciata a tempo indeterminato.<\/li>\n<li>procure speciali: con questi atti l&#8217;interessato affida al rappresentante la gestione di una parte dei suoi affari. La procura speciale cessa di avere efficacia nel momento in cui l\u2019incarico particolare per il quale \u00e8 stata rilasciata si conclude.<\/li>\n<\/ul>\n<p><strong><a href=\"http:\/\/www.esteri.it\/MAE\/IT\/Italiani_nel_Mondo\/ServiziConsolari\/AttiNotarili\/Procure.htm\">Link all&#8217;apposita sezione del sito web del Ministero degli Affari Esteri<\/a><\/strong><\/p>\n<p>&nbsp;<\/p>\n<p align=\"justify\"><strong>TESTAMENTO PUBBLICO<br \/>\n<\/strong>Tra le attivit\u00e0 proprie dell&#8217;Ufficio Notarile rientra la redazione di alcuni atti concernenti le dichiarazioni di ultima volont\u00e0 di soggetti che si trovano all&#8217;estero.<br \/>\nIl testamento pubblico \u00e8 la dichiarazione di volont\u00e0 del testatore resa ad un funzionario delegato alle funzioni notarili in presenza di due testimoni e redatta in forma scritta.<br \/>\nNel testamento segreto, invece, le funzioni dell\u2019Ufficio Notarile si limitano al ricevimento formale dell&#8217;atto (il cui contenuto rimane segreto) ed al suo deposito nell&#8217;Ufficio.<br \/>\nIl testamento olografo, infine, non necessita della stesura da parte di un funzionario dell&#8217;Ufficio Notarile e pu\u00f2 essere depositato in ogni luogo e presso chiunque. Solitamente esso viene depositato presso l&#8217;Ufficio Notarile al fine di evitare la possibilit\u00e0 di un suo smarrimento e per assicurarne l&#8217;immediata pubblicazione alla morte del testatore.<\/p>\n<p align=\"justify\"><a href=\"http:\/\/www.esteri.it\/MAE\/IT\/Italiani_nel_Mondo\/ServiziConsolari\/AttiNotarili\/Testamento.htm\"><strong>Link all&#8217;apposita sezione del sito web del Ministero degli Affari Esteri<\/strong><\/a><\/p>\n<p align=\"justify\"><strong>ATTI PUBBLICI<\/strong><strong><br \/>\n<\/strong>Si tratta di una tipologia di atti giuridici (come ad esempio l&#8217;atto di donazione) per i quali la legge prevede la forma dell&#8217;atto pubblico.<\/p>\n<p align=\"justify\"><strong><a href=\"http:\/\/www.esteri.it\/MAE\/IT\/Italiani_nel_Mondo\/ServiziConsolari\/AttiNotarili\/AttiPubblici.htm\">Link all&#8217;apposita sezione del sito web del Ministero degli Affari Esteri<\/a><\/strong><\/p>\n<p align=\"justify\"><strong>ATTIVIT\u00c0 DI AUTENTICAZIONE<\/strong><\/p>\n<p align=\"justify\">L&#8217;attivit\u00e0 di autenticazione \u00e8 normalmente svolta da un pubblico funzionario del Consolato ma pu\u00f2 anche essere svolta da un funzionario delegato alle funzioni notarili. Trattasi in particolare di:<\/p>\n<ol>\n<li>\n<div>AUTENTICA DI FIRMA: consiste nell&#8217;attestazione da parte del pubblico funzionario della provenienza di un atto da parte del soggetto che lo ha firmato.<br \/>\nPer procedere all&#8217;autenticazione della firma, \u00e8 necessario presentarsi personalmente presso l\u2019Ufficio Notarile con un documento di riconoscimento ed il proprio codice fiscale;<\/div>\n<\/li>\n<li>\n<div>AUTENTICA DI FOTOGRAFIA: a tal fine \u00e8 necessario presentarsi personalmente presso l\u2019Ufficio Notarile con un documento di riconoscimento e tre fotografie uguali.<\/div>\n<\/li>\n<\/ol>\n<p><strong><a href=\"http:\/\/www.esteri.it\/MAE\/IT\/Italiani_nel_Mondo\/ServiziConsolari\/AttiNotarili\/Autenticazione.htm\">Link all&#8217;apposita sezione del sito web del Ministero degli Affari Esteri<\/a><\/strong><\/p>\n<p>&nbsp;<\/p>\n<p><strong>L\u2019AUTOCERTIFICAZIONE<\/strong><\/p>\n<p>&nbsp;<\/p>\n<p><strong><a href=\"http:\/\/www.esteri.it\/MAE\/IT\/Italiani_nel_Mondo\/ServiziConsolari\/Autocertificazione.htm\">Link all&#8217;apposita sezione del sito web del Ministero degli Affari Esteri<\/a><\/strong><\/p>\n<\/div>\n","protected":false},"excerpt":{"rendered":"NOTARILE L\u2019Ufficio Notarile \u00e8 titolato a ricevere gli atti tra vivi e quelli di ultima volont\u00e0, a curarne il loro deposito ed a rilasciarne copie ed estratti. Il servizio notarile \u00e8 prestato ai cittadini italiani che si trovano all&#8217;estero in via permanente o temporanea. I servizi notarili pi\u00f9 frequentemente richiesti ad un Ufficio consolare sono: [&hellip;]","protected":false},"author":1,"featured_media":0,"parent":47,"menu_order":10,"comment_status":"closed","ping_status":"closed","template":"","meta":{"footnotes":""},"class_list":["post-71","page","type-page","status-publish","hentry"],"_links":{"self":[{"href":"https:\/\/ambharare.esteri.it\/it\/wp-json\/wp\/v2\/pages\/71","targetHints":{"allow":["GET"]}}],"collection":[{"href":"https:\/\/ambharare.esteri.it\/it\/wp-json\/wp\/v2\/pages"}],"about":[{"href":"https:\/\/ambharare.esteri.it\/it\/wp-json\/wp\/v2\/types\/page"}],"author":[{"embeddable":true,"href":"https:\/\/ambharare.esteri.it\/it\/wp-json\/wp\/v2\/users\/1"}],"replies":[{"embeddable":true,"href":"https:\/\/ambharare.esteri.it\/it\/wp-json\/wp\/v2\/comments?post=71"}],"version-history":[{"count":3,"href":"https:\/\/ambharare.esteri.it\/it\/wp-json\/wp\/v2\/pages\/71\/revisions"}],"predecessor-version":[{"id":331,"href":"https:\/\/ambharare.esteri.it\/it\/wp-json\/wp\/v2\/pages\/71\/revisions\/331"}],"up":[{"embeddable":true,"href":"https:\/\/ambharare.esteri.it\/it\/wp-json\/wp\/v2\/pages\/47"}],"wp:attachment":[{"href":"https:\/\/ambharare.esteri.it\/it\/wp-json\/wp\/v2\/media?parent=71"}],"curies":[{"name":"wp","href":"https:\/\/api.w.org\/{rel}","templated":true}]}}