{"id":99,"date":"2023-04-11T18:24:38","date_gmt":"2023-04-11T16:24:38","guid":{"rendered":"https:\/\/ambasciatapraga.esteri.it\/?page_id=99"},"modified":"2023-11-16T11:17:49","modified_gmt":"2023-11-16T09:17:49","slug":"studiare-in-italia","status":"publish","type":"page","link":"https:\/\/ambharare.esteri.it\/it\/italia-e-zimbabwe\/diplomazia-culturale\/studiare-in-italia\/","title":{"rendered":"Studiare in Italia"},"content":{"rendered":"<p>STUDI<\/p>\n<p>L&#8217;Ufficio Studi dell&#8217;Ambasciata fornisce informazioni e consulenza per l&#8217;iscrizione a Scuole e Universit\u00e0 in Italia e rilascia le necessarie Dichiarazioni di valore per i titoli conseguiti presso Scuole e Universit\u00e0 nell&#8217;ambito della propria Circoscrizione affinch\u00e9 gli interessati possano ottenere l\u2019equipollenza dei titoli di studio primari e secondari con analoghi titoli italiani, l\u2019iscrizione a scuole ed Universit\u00e0 italiane, il riconoscimento in Italia degli studi universitari e l\u2019assegnazione di borse di studio.<\/p>\n","protected":false},"excerpt":{"rendered":"STUDI L&#8217;Ufficio Studi dell&#8217;Ambasciata fornisce informazioni e consulenza per l&#8217;iscrizione a Scuole e Universit\u00e0 in Italia e rilascia le necessarie Dichiarazioni di valore per i titoli conseguiti presso Scuole e Universit\u00e0 nell&#8217;ambito della propria Circoscrizione affinch\u00e9 gli interessati possano ottenere l\u2019equipollenza dei titoli di studio primari e secondari con analoghi titoli italiani, l\u2019iscrizione a scuole [&hellip;]","protected":false},"author":1,"featured_media":0,"parent":44,"menu_order":0,"comment_status":"closed","ping_status":"closed","template":"","meta":{"footnotes":""},"class_list":["post-99","page","type-page","status-publish","hentry"],"_links":{"self":[{"href":"https:\/\/ambharare.esteri.it\/it\/wp-json\/wp\/v2\/pages\/99","targetHints":{"allow":["GET"]}}],"collection":[{"href":"https:\/\/ambharare.esteri.it\/it\/wp-json\/wp\/v2\/pages"}],"about":[{"href":"https:\/\/ambharare.esteri.it\/it\/wp-json\/wp\/v2\/types\/page"}],"author":[{"embeddable":true,"href":"https:\/\/ambharare.esteri.it\/it\/wp-json\/wp\/v2\/users\/1"}],"replies":[{"embeddable":true,"href":"https:\/\/ambharare.esteri.it\/it\/wp-json\/wp\/v2\/comments?post=99"}],"version-history":[{"count":3,"href":"https:\/\/ambharare.esteri.it\/it\/wp-json\/wp\/v2\/pages\/99\/revisions"}],"predecessor-version":[{"id":304,"href":"https:\/\/ambharare.esteri.it\/it\/wp-json\/wp\/v2\/pages\/99\/revisions\/304"}],"up":[{"embeddable":true,"href":"https:\/\/ambharare.esteri.it\/it\/wp-json\/wp\/v2\/pages\/44"}],"wp:attachment":[{"href":"https:\/\/ambharare.esteri.it\/it\/wp-json\/wp\/v2\/media?parent=99"}],"curies":[{"name":"wp","href":"https:\/\/api.w.org\/{rel}","templated":true}]}}